{"id":15305,"date":"2024-09-12T18:44:04","date_gmt":"2024-09-12T15:44:04","guid":{"rendered":"https:\/\/ageinsaat.pusulareklamevi.com.tr\/group-companies\/"},"modified":"2024-11-27T03:18:58","modified_gmt":"2024-11-27T00:18:58","slug":"group-companies","status":"publish","type":"page","link":"https:\/\/www.ageinsaat.com.tr\/en\/group-companies\/","title":{"rendered":"Group Companies"},"content":{"rendered":"\t\t<div data-elementor-type=\"wp-page\" data-elementor-id=\"15305\" class=\"elementor elementor-15305 elementor-11667\">\n\t\t\t\t\t\t<section class=\"elementor-section elementor-top-section elementor-element elementor-element-e70295e elementor-section-full_width elementor-section-height-min-height elementor-hidden-desktop elementor-hidden-tablet elementor-hidden-mobile elementor-section-height-default elementor-section-items-middle\" data-id=\"e70295e\" data-element_type=\"section\" data-e-type=\"section\" data-settings=\"{&quot;background_background&quot;:&quot;classic&quot;}\">\n\t\t\t\t\t\t<div class=\"elementor-container elementor-column-gap-no\">\n\t\t\t\t\t<div class=\"elementor-column elementor-col-100 elementor-top-column elementor-element elementor-element-cdac2c8\" data-id=\"cdac2c8\" data-element_type=\"column\" data-e-type=\"column\">\n\t\t\t<div class=\"elementor-widget-wrap\">\n\t\t\t\t\t\t\t<\/div>\n\t\t<\/div>\n\t\t\t\t\t<\/div>\n\t\t<\/section>\n\t\t\t\t<section class=\"elementor-section elementor-top-section elementor-element elementor-element-9a05371 elementor-section-boxed elementor-section-height-default elementor-section-height-default\" data-id=\"9a05371\" data-element_type=\"section\" data-e-type=\"section\">\n\t\t\t\t\t\t<div class=\"elementor-container elementor-column-gap-no\">\n\t\t\t\t\t<div class=\"elementor-column elementor-col-50 elementor-top-column elementor-element elementor-element-f08356e\" data-id=\"f08356e\" data-element_type=\"column\" data-e-type=\"column\">\n\t\t\t<div class=\"elementor-widget-wrap elementor-element-populated\">\n\t\t\t\t\t\t<div class=\"elementor-element elementor-element-b68af0f elementor-widget-mobile__width-inherit elementor-widget elementor-widget-text-editor\" data-id=\"b68af0f\" data-element_type=\"widget\" data-e-type=\"widget\" data-widget_type=\"text-editor.default\">\n\t\t\t\t<div class=\"elementor-widget-container\">\n\t\t\t\t\t\t\t\t\t<h3>Group Companies<\/h3>\n\t\t\t\t\t\t\t\t<\/div>\n\t\t\t\t<\/div>\n\t\t\t\t\t<\/div>\n\t\t<\/div>\n\t\t\t\t<div class=\"elementor-column elementor-col-50 elementor-top-column elementor-element elementor-element-8898254\" data-id=\"8898254\" data-element_type=\"column\" data-e-type=\"column\">\n\t\t\t<div class=\"elementor-widget-wrap elementor-element-populated\">\n\t\t\t\t\t\t<div class=\"elementor-element elementor-element-01d4a9c elementor-widget__width-initial elementor-widget-mobile__width-inherit elementor-widget elementor-widget-text-editor\" data-id=\"01d4a9c\" data-element_type=\"widget\" data-e-type=\"widget\" data-widget_type=\"text-editor.default\">\n\t\t\t\t<div class=\"elementor-widget-container\">\n\t\t\t\t\t\t\t\t\t<p><strong>AGE Ta\u015f\u0131nmaz Yat\u0131r\u0131m A.\u015e.<\/strong> was established in 2017 within AGE Group of Companies to provide services in land development, project design, marketing and sales.  <\/p><\/p>\n\t\t\t\t\t\t\t\t<\/div>\n\t\t\t\t<\/div>\n\t\t\t\t\t<\/div>\n\t\t<\/div>\n\t\t\t\t\t<\/div>\n\t\t<\/section>\n\t\t\t\t<section class=\"elementor-section elementor-top-section elementor-element elementor-element-98713d6 elementor-section-boxed elementor-section-height-default elementor-section-height-default\" data-id=\"98713d6\" data-element_type=\"section\" data-e-type=\"section\">\n\t\t\t\t\t\t<div class=\"elementor-container elementor-column-gap-no\">\n\t\t\t\t\t<div class=\"elementor-column elementor-col-100 elementor-top-column elementor-element elementor-element-b950c7a\" data-id=\"b950c7a\" data-element_type=\"column\" data-e-type=\"column\">\n\t\t\t<div class=\"elementor-widget-wrap elementor-element-populated\">\n\t\t\t\t\t\t<div class=\"elementor-element elementor-element-e1e1e20 elementor-widget elementor-widget-leroux_core_clients_list\" data-id=\"e1e1e20\" data-element_type=\"widget\" data-e-type=\"widget\" data-widget_type=\"leroux_core_clients_list.default\">\n\t\t\t\t<div class=\"elementor-widget-container\">\n\t\t\t\t\t<div class=\"qodef-shortcode qodef-m  qodef-clients-list qodef-clients-list-225 qodef-grid qodef-layout--columns  qodef-gutter--no qodef-vertical-gutter--no qodef-col-num--2 qodef-item-layout--boxed qodef-responsive--custom qodef-col-num--1440--4 qodef-col-num--1366--4 qodef-col-num--1024--2 qodef-col-num--768--2 qodef-col-num--680--1 qodef-col-num--480--1\" >\n\t<div class=\"qodef-grid-inner\">\n\t\t<div class=\"qodef-e qodef-grid-item \">\n\t<div class=\"qodef-e-inner\" >\n\t\t\t<div class=\"qodef-e-image\">\n\t\t\t\t\t\t\t\t\t<span class=\"qodef-e-logo\">\n\t\t\t\t\t\t\t\t\t\t\t<img decoding=\"async\" itemprop=\"image\" src=\"https:\/\/www.ageinsaat.com.tr\/wp-content\/uploads\/2023\/02\/age-gayrimenkul.jpg\"\n\t\t\t\t\t\t     width=\"120\"\n\t\t\t\t\t\t     height=\"120\"\n\t\t\t\t\t\t     alt=\"\"\/>\n\t\t\t\t\t\t\t\t\t<\/span>\n\t\t\t\t\t\t\t\t\t\t<span class=\"qodef-e-hover-logo\">\n\t\t\t\t\t\t\t\t\t\t\t<img decoding=\"async\" itemprop=\"image\" src=\"https:\/\/www.ageinsaat.com.tr\/wp-content\/uploads\/2023\/02\/age-gayrimenkul-b.jpg\"\n\t\t\t\t\t\t     width=\"120\"\n\t\t\t\t\t\t     height=\"120\"\n\t\t\t\t\t\t     alt=\"\"\/>\n\t\t\t\t\t\t\t\t\t<\/span>\n\t\t\t\t\t\t\t<\/div>\n        <div class=\"qodef-e-background-holder\">\n            \n<div class=\"qodef-e-image qodef--background\" style=\"background-image: url( https:\/\/www.ageinsaat.com.tr\/wp-content\/uploads\/2023\/02\/age-gayrimenkul-1.jpg)\"><\/div>\n        <\/div>\n        \t<\/div>\n<\/div>\n<div class=\"qodef-e qodef-grid-item \">\n\t<div class=\"qodef-e-inner\" >\n\t\t\t<div class=\"qodef-e-image\">\n\t\t\t\t<a itemprop=\"url\" href=\"http:\/\/www.asyataste.com\" target=\"_blank\">\n\t\t\t\t\t\t\t\t\t\t<span class=\"qodef-e-logo\">\n\t\t\t\t\t\t\t\t\t\t\t<img decoding=\"async\" itemprop=\"image\" src=\"https:\/\/www.ageinsaat.com.tr\/wp-content\/uploads\/2023\/02\/asya-logo.jpg\"\n\t\t\t\t\t\t     width=\"120\"\n\t\t\t\t\t\t     height=\"120\"\n\t\t\t\t\t\t     alt=\"\"\/>\n\t\t\t\t\t\t\t\t\t<\/span>\n\t\t\t\t\t\t\t\t\t\t<span class=\"qodef-e-hover-logo\">\n\t\t\t\t\t\t\t\t\t\t\t<img loading=\"lazy\" decoding=\"async\" itemprop=\"image\" src=\"https:\/\/www.ageinsaat.com.tr\/wp-content\/uploads\/2023\/02\/asya-logo-b.jpg\"\n\t\t\t\t\t\t     width=\"120\"\n\t\t\t\t\t\t     height=\"120\"\n\t\t\t\t\t\t     alt=\"\"\/>\n\t\t\t\t\t\t\t\t\t<\/span>\n\t\t\t\t\t\t\t\t<\/a>\n\t\t\t<\/div>\n        <div class=\"qodef-e-background-holder\">\n            \n<div class=\"qodef-e-image qodef--background\" style=\"background-image: url( https:\/\/www.ageinsaat.com.tr\/wp-content\/uploads\/2024\/09\/ASYA-MEYVE-SUYU-4.jpg)\"><\/div>\n        <\/div>\n        <a class=\"qodef-e-link\" itemprop=\"url\" href=\"http:\/\/www.asyataste.com\" target=\"_blank\"><\/a>\n\t<\/div>\n<\/div>\n<div class=\"qodef-e qodef-grid-item \">\n\t<div class=\"qodef-e-inner\" >\n\t\t\t<div class=\"qodef-e-image\">\n\t\t\t\t<a itemprop=\"url\" href=\"https:\/\/www.ageenerji.com.tr\" target=\"_blank\">\n\t\t\t\t\t\t\t\t\t\t<span class=\"qodef-e-logo\">\n\t\t\t\t\t\t\t\t\t\t\t<img loading=\"lazy\" decoding=\"async\" itemprop=\"image\" src=\"https:\/\/www.ageinsaat.com.tr\/wp-content\/uploads\/2023\/02\/ageenerji.jpg\"\n\t\t\t\t\t\t     width=\"120\"\n\t\t\t\t\t\t     height=\"120\"\n\t\t\t\t\t\t     alt=\"\"\/>\n\t\t\t\t\t\t\t\t\t<\/span>\n\t\t\t\t\t\t\t\t\t\t<span class=\"qodef-e-hover-logo\">\n\t\t\t\t\t\t\t\t\t\t\t<img loading=\"lazy\" decoding=\"async\" itemprop=\"image\" src=\"https:\/\/www.ageinsaat.com.tr\/wp-content\/uploads\/2023\/02\/ageenerji-b.jpg\"\n\t\t\t\t\t\t     width=\"120\"\n\t\t\t\t\t\t     height=\"120\"\n\t\t\t\t\t\t     alt=\"\"\/>\n\t\t\t\t\t\t\t\t\t<\/span>\n\t\t\t\t\t\t\t\t<\/a>\n\t\t\t<\/div>\n        <div class=\"qodef-e-background-holder\">\n            \n<div class=\"qodef-e-image qodef--background\" style=\"background-image: url( https:\/\/www.ageinsaat.com.tr\/wp-content\/uploads\/2023\/02\/age-elektrin-enerji.jpg)\"><\/div>\n        <\/div>\n        <a class=\"qodef-e-link\" itemprop=\"url\" href=\"https:\/\/www.ageenerji.com.tr\" target=\"_blank\"><\/a>\n\t<\/div>\n<\/div>\n<div class=\"qodef-e qodef-grid-item \">\n\t<div class=\"qodef-e-inner\" >\n\t\t\t<div class=\"qodef-e-image\">\n\t\t\t\t<a itemprop=\"url\" href=\"https:\/\/www.age.com.tr\" target=\"_blank\">\n\t\t\t\t\t\t\t\t\t\t<span class=\"qodef-e-logo\">\n\t\t\t\t\t\t\t\t\t\t\t<img loading=\"lazy\" decoding=\"async\" itemprop=\"image\" src=\"https:\/\/www.ageinsaat.com.tr\/wp-content\/uploads\/2024\/09\/age-logo.jpg\"\n\t\t\t\t\t\t     width=\"120\"\n\t\t\t\t\t\t     height=\"120\"\n\t\t\t\t\t\t     alt=\"\"\/>\n\t\t\t\t\t\t\t\t\t<\/span>\n\t\t\t\t\t\t\t\t\t\t<span class=\"qodef-e-hover-logo\">\n\t\t\t\t\t\t\t\t\t\t\t<img loading=\"lazy\" decoding=\"async\" itemprop=\"image\" src=\"https:\/\/www.ageinsaat.com.tr\/wp-content\/uploads\/2024\/09\/age-logo-b.jpg\"\n\t\t\t\t\t\t     width=\"120\"\n\t\t\t\t\t\t     height=\"120\"\n\t\t\t\t\t\t     alt=\"\"\/>\n\t\t\t\t\t\t\t\t\t<\/span>\n\t\t\t\t\t\t\t\t<\/a>\n\t\t\t<\/div>\n        <div class=\"qodef-e-background-holder\">\n            \n<div class=\"qodef-e-image qodef--background\" style=\"background-image: url( https:\/\/www.ageinsaat.com.tr\/wp-content\/uploads\/2024\/09\/000-AGE-MERKEZ.jpg)\"><\/div>\n        <\/div>\n        <a class=\"qodef-e-link\" itemprop=\"url\" href=\"https:\/\/www.age.com.tr\" target=\"_blank\"><\/a>\n\t<\/div>\n<\/div>\n\t<\/div>\n<\/div>\n\t\t\t\t<\/div>\n\t\t\t\t<\/div>\n\t\t\t\t\t<\/div>\n\t\t<\/div>\n\t\t\t\t\t<\/div>\n\t\t<\/section>\n\t\t\t\t<section class=\"elementor-section elementor-top-section elementor-element elementor-element-b79337d elementor-section-full_width elementor-hidden-desktop elementor-hidden-tablet elementor-hidden-mobile elementor-section-height-default elementor-section-height-default\" data-id=\"b79337d\" data-element_type=\"section\" data-e-type=\"section\" data-settings=\"{&quot;background_background&quot;:&quot;classic&quot;}\">\n\t\t\t\t\t\t<div class=\"elementor-container elementor-column-gap-no\">\n\t\t\t\t\t<div class=\"elementor-column elementor-col-50 elementor-top-column elementor-element elementor-element-f218dfe\" data-id=\"f218dfe\" data-element_type=\"column\" data-e-type=\"column\" data-settings=\"{&quot;background_background&quot;:&quot;classic&quot;}\">\n\t\t\t<div class=\"elementor-widget-wrap elementor-element-populated\">\n\t\t\t\t\t\t<div class=\"elementor-element elementor-element-b9f9fe2 elementor-widget elementor-widget-spacer\" data-id=\"b9f9fe2\" data-element_type=\"widget\" data-e-type=\"widget\" data-widget_type=\"spacer.default\">\n\t\t\t\t<div class=\"elementor-widget-container\">\n\t\t\t\t\t\t\t<div class=\"elementor-spacer\">\n\t\t\t<div class=\"elementor-spacer-inner\"><\/div>\n\t\t<\/div>\n\t\t\t\t\t\t<\/div>\n\t\t\t\t<\/div>\n\t\t\t\t\t<\/div>\n\t\t<\/div>\n\t\t\t\t<div class=\"elementor-column elementor-col-50 elementor-top-column elementor-element elementor-element-02b4278\" data-id=\"02b4278\" data-element_type=\"column\" data-e-type=\"column\">\n\t\t\t<div class=\"elementor-widget-wrap elementor-element-populated\">\n\t\t\t\t\t\t<div class=\"elementor-element elementor-element-48ed76c elementor-widget elementor-widget-leroux_core_section_title\" data-id=\"48ed76c\" data-element_type=\"widget\" data-e-type=\"widget\" data-widget_type=\"leroux_core_section_title.default\">\n\t\t\t\t<div class=\"elementor-widget-container\">\n\t\t\t\t\t<div class=\"qodef-shortcode qodef-m  qodef-section-title qodef-alignment--left \">\n\t\t<h1 class=\"qodef-m-title\" >\n\t\t\t\t\tGet in touch?\t\t\t<\/h1>\n\t<\/div>\n\t\t\t\t<\/div>\n\t\t\t\t<\/div>\n\t\t\t\t<div class=\"elementor-element elementor-element-d1904ec elementor-widget__width-initial elementor-widget-tablet__width-inherit elementor-widget-mobile__width-inherit elementor-widget elementor-widget-text-editor\" data-id=\"d1904ec\" data-element_type=\"widget\" data-e-type=\"widget\" data-widget_type=\"text-editor.default\">\n\t\t\t\t<div class=\"elementor-widget-container\">\n\t\t\t\t\t\t\t\t\t<p>Lorem ipsum dolor sit amet, nihil audiam nam no, ei eos exerci nostro.<\/p>\n\t\t\t\t\t\t\t\t<\/div>\n\t\t\t\t<\/div>\n\t\t\t\t<div class=\"elementor-element elementor-element-54675b3 elementor-widget elementor-widget-wp-widget-leroux_core_contact_form_7\" data-id=\"54675b3\" data-element_type=\"widget\" data-e-type=\"widget\" data-widget_type=\"wp-widget-leroux_core_contact_form_7.default\">\n\t\t\t\t<div class=\"elementor-widget-container\">\n\t\t\t\t\t\t\t\t<div class=\"qodef-contact-form-7\">\n\t\t\t\t\n<div class=\"wpcf7 no-js\" id=\"wpcf7-f1553-o1\" lang=\"tr-TR\" dir=\"ltr\" data-wpcf7-id=\"1553\">\n<div class=\"screen-reader-response\"><p role=\"status\" aria-live=\"polite\" aria-atomic=\"true\"><\/p> <ul><\/ul><\/div>\n<form action=\"\/en\/wp-json\/wp\/v2\/pages\/15305#wpcf7-f1553-o1\" method=\"post\" class=\"wpcf7-form init demo\" aria-label=\"\u0130leti\u015fim Formu\" novalidate=\"novalidate\" data-status=\"init\">\n<fieldset class=\"hidden-fields-container\"><input type=\"hidden\" name=\"_wpcf7\" value=\"1553\" \/><input type=\"hidden\" name=\"_wpcf7_version\" value=\"6.1.5\" \/><input type=\"hidden\" name=\"_wpcf7_locale\" value=\"tr_TR\" \/><input type=\"hidden\" name=\"_wpcf7_unit_tag\" value=\"wpcf7-f1553-o1\" \/><input type=\"hidden\" name=\"_wpcf7_container_post\" value=\"0\" \/><input type=\"hidden\" name=\"_wpcf7_posted_data_hash\" value=\"\" \/>\n<\/fieldset>\n<div class=\"qodef-main-form qodef-layout--columns\">\n\n<div class=\"qodef-cf7-columns\">\n\n<div class=\"qodef-input-holder\">\n\n<span class=\"wpcf7-form-control-wrap\" data-name=\"your-name\"><input size=\"40\" maxlength=\"400\" class=\"wpcf7-form-control wpcf7-text wpcf7-validates-as-required\" aria-required=\"true\" aria-invalid=\"false\" placeholder=\"Name\" value=\"\" type=\"text\" name=\"your-name\" \/><\/span>\n\n<\/div>\n\n<div class=\"qodef-input-holder\">\n\n<span class=\"wpcf7-form-control-wrap\" data-name=\"your-email\"><input size=\"40\" maxlength=\"400\" class=\"wpcf7-form-control wpcf7-email wpcf7-validates-as-required wpcf7-text wpcf7-validates-as-email\" aria-required=\"true\" aria-invalid=\"false\" placeholder=\"E-mail address\" value=\"\" type=\"email\" name=\"your-email\" \/><\/span>\n\n<\/div>\n\n<\/div>\n\n<div class=\"qodef-input-holder\">\n\n<span class=\"wpcf7-form-control-wrap\" data-name=\"your-message\"><textarea cols=\"40\" rows=\"5\" maxlength=\"2000\" class=\"wpcf7-form-control wpcf7-textarea\" aria-invalid=\"false\" placeholder=\"Message\" name=\"your-message\"><\/textarea><\/span>\n\n<\/div>\n\n<button class=\"wpcf7-form-control wpcf7-submit qodef-button qodef-size--normal qodef-layout--filled qodef-m\" type=\"submit\"><span class=\"qodef-m-text\">Send<\/span><span class=\"qodef-m-arrow\"><svg class=\"qodef-svg--button-arrow\" xmlns=\"http:\/\/www.w3.org\/2000\/svg\" width=\"10\" height=\"10\" viewBox=\"0 0 9.8 9.8\"><g><path d=\"m.4 9.4 9-9\"\/><path d=\"M.4.5h8.9\"\/><path d=\"M9.3 9.4V.5\"\/><\/g><g><path d=\"m.4 9.4 9-9\"\/><path d=\"M.4.5h8.9\"\/><path d=\"M9.3 9.4V.5\"\/><\/g><\/svg><\/span><\/button>\n\n<\/div><div class=\"wpcf7-response-output\" aria-hidden=\"true\"><\/div>\n<\/form>\n<\/div>\n\t\t\t<\/div>\n\t\t\t\t\t\t\t<\/div>\n\t\t\t\t<\/div>\n\t\t\t\t\t<\/div>\n\t\t<\/div>\n\t\t\t\t\t<\/div>\n\t\t<\/section>\n\t\t\t\t<\/div>\n\t\t","protected":false},"excerpt":{"rendered":"<p>Group Companies AGE Ta\u015f\u0131nmaz Yat\u0131r\u0131m A.\u015e. was established in 2017 within AGE Group of Companies to provide services in land development, project design, marketing and sales. Get in touch? Lorem ipsum dolor sit amet, nihil audiam nam no, ei eos exerci nostro.<\/p>\n","protected":false},"author":1,"featured_media":0,"parent":0,"menu_order":0,"comment_status":"closed","ping_status":"closed","template":"page-full-width.php","meta":{"footnotes":""},"class_list":["post-15305","page","type-page","status-publish","hentry"],"_links":{"self":[{"href":"https:\/\/www.ageinsaat.com.tr\/en\/wp-json\/wp\/v2\/pages\/15305","targetHints":{"allow":["GET"]}}],"collection":[{"href":"https:\/\/www.ageinsaat.com.tr\/en\/wp-json\/wp\/v2\/pages"}],"about":[{"href":"https:\/\/www.ageinsaat.com.tr\/en\/wp-json\/wp\/v2\/types\/page"}],"author":[{"embeddable":true,"href":"https:\/\/www.ageinsaat.com.tr\/en\/wp-json\/wp\/v2\/users\/1"}],"replies":[{"embeddable":true,"href":"https:\/\/www.ageinsaat.com.tr\/en\/wp-json\/wp\/v2\/comments?post=15305"}],"version-history":[{"count":3,"href":"https:\/\/www.ageinsaat.com.tr\/en\/wp-json\/wp\/v2\/pages\/15305\/revisions"}],"predecessor-version":[{"id":15371,"href":"https:\/\/www.ageinsaat.com.tr\/en\/wp-json\/wp\/v2\/pages\/15305\/revisions\/15371"}],"wp:attachment":[{"href":"https:\/\/www.ageinsaat.com.tr\/en\/wp-json\/wp\/v2\/media?parent=15305"}],"curies":[{"name":"wp","href":"https:\/\/api.w.org\/{rel}","templated":true}]}}