{"id":15309,"date":"2023-02-06T19:57:16","date_gmt":"2023-02-06T16:57:16","guid":{"rendered":"https:\/\/ageinsaat.pusulareklamevi.com.tr\/infrastructure\/"},"modified":"2024-12-10T00:31:52","modified_gmt":"2024-12-09T21:31:52","slug":"infrastructure","status":"publish","type":"page","link":"https:\/\/www.ageinsaat.com.tr\/en\/portfolio\/infrastructure\/","title":{"rendered":"Infrastructure"},"content":{"rendered":"\t\t<div data-elementor-type=\"wp-page\" data-elementor-id=\"15309\" class=\"elementor elementor-15309 elementor-5556\">\n\t\t\t\t\t\t<section class=\"elementor-section elementor-top-section elementor-element elementor-element-be06fc4 elementor-section-full_width elementor-section-height-default elementor-section-height-default\" data-id=\"be06fc4\" data-element_type=\"section\" data-e-type=\"section\">\n\t\t\t\t\t\t<div class=\"elementor-container elementor-column-gap-default\">\n\t\t\t\t\t<div class=\"elementor-column elementor-col-100 elementor-top-column elementor-element elementor-element-ce9a934\" data-id=\"ce9a934\" data-element_type=\"column\" data-e-type=\"column\">\n\t\t\t<div class=\"elementor-widget-wrap elementor-element-populated\">\n\t\t\t\t\t\t<div class=\"elementor-element elementor-element-d339248 elementor-widget elementor-widget-leroux_core_icon_with_text\" data-id=\"d339248\" data-element_type=\"widget\" data-e-type=\"widget\" data-widget_type=\"leroux_core_icon_with_text.default\">\n\t\t\t\t<div class=\"elementor-widget-container\">\n\t\t\t\t\t<div class=\"qodef-shortcode qodef-m  qodef-icon-with-text qodef-layout--top qodef--svg-icon    qodef-borders--no         qodef--has-svg-appear\">\n\t<div class=\"qodef-m-wrapper\" style=\"border-right-color: #70707036;border-bottom-color: #70707036;padding: 5% 22% 4% 10%\">\n\t\t<div class=\"qodef-m-icon-wrapper\">\n\t\t\t\t\t\t<a itemprop=\"url\" href=\"#kimiz\" target=\"_self\">\n\t\t<svg xmlns=\"http:\/\/www.w3.org\/2000\/svg\" width=\"60\" viewbox=\"0 0 76.018 66.237\"><g transform=\"translate(-1166 -781.232)\"><g transform=\"translate(1166 781.232)\" fill=\"none\" stroke=\"currentColor\" stroke-width=\"1.3\"><ellipse cx=\"26.913\" cy=\"27.13\" rx=\"26.913\" ry=\"27.13\" stroke=\"none\"><\/ellipse><ellipse cx=\"26.913\" cy=\"27.13\" rx=\"26.413\" ry=\"26.63\" fill=\"none\"><\/ellipse><\/g><g transform=\"translate(1231.179 836.63)\" fill=\"none\" stroke=\"currentColor\" stroke-width=\"1.3\"><ellipse cx=\"5.42\" cy=\"5.42\" rx=\"5.42\" ry=\"5.42\" stroke=\"none\"><\/ellipse><ellipse cx=\"5.42\" cy=\"5.42\" rx=\"4.92\" ry=\"4.92\" fill=\"none\"><\/ellipse><\/g><g transform=\"translate(1171.074 787.661)\" fill=\"none\" stroke=\"currentColor\" stroke-width=\"1.3\"><ellipse cx=\"12.42\" cy=\"12.42\" rx=\"12.42\" ry=\"12.42\" stroke=\"none\"><\/ellipse><ellipse cx=\"12.42\" cy=\"12.42\" rx=\"11.92\" ry=\"11.92\" fill=\"none\"><\/ellipse><\/g><line x2=\"39\" y2=\"31\" transform=\"translate(1192.5 808.5)\" stroke=\"currentColor\" stroke-width=\"1.3\"><\/line><\/g><\/svg>\t\t\t<\/a>\n\t\t\t<\/div>\n\t\t<div class=\"qodef-m-content\">\n\t\t\t\t<h4 class=\"qodef-m-title\" style=\"margin-top: 15px\">\n\t\t\t\t\t<a itemprop=\"url\" href=\"#kimiz\" target=\"_self\">\n\t\t\t\t\t<span class=\"qodef-m-title-text\">Infrastructure projects<\/span>\n\t\t\t\t\t<\/a>\n\t\t\t<\/h4>\n\t\t\t\t<p class=\"qodef-m-text\" >As AGE Construction, we contribute to the development of Turkey and the world with our infrastructure projects. We use our expertise and technical know-how in large-scale projects such as highways, railways, bridges, tunnels and water canals. In particular, dam constructions and irrigation projects play an important role in increasing agricultural production and more efficient use of water resources. With projects such as Karaca\u00f6ren Dam and A\u011fr\u0131 Yaz\u0131c\u0131 Dam, we prioritize both environmental sustainability and social benefit. While our infrastructure projects contribute to the economic development of the country, we are building the modern cities of the future.<\/p>\n\t\t<\/div>\n\t<\/div>\n\n\t<\/div>\n\t\t\t\t<\/div>\n\t\t\t\t<\/div>\n\t\t\t\t<div class=\"elementor-element elementor-element-a693f0f elementor-widget elementor-widget-leroux_core_portfolio_list\" data-id=\"a693f0f\" data-element_type=\"widget\" data-e-type=\"widget\" data-widget_type=\"leroux_core_portfolio_list.default\">\n\t\t\t\t<div class=\"elementor-widget-container\">\n\t\t\t\t\t<div class=\"qodef-shortcode qodef-m  qodef-portfolio-list qodef-item-layout--info-below qodef-grid qodef-layout--columns  qodef-gutter--normal qodef-vertical-gutter--medium qodef-col-num--5 qodef-item-layout--info-below qodef-pagination--off qodef-responsive--predefined qodef-hover-animation--overlay\" data-options=\"{&quot;plugin&quot;:&quot;leroux_core&quot;,&quot;module&quot;:&quot;post-types\\\/portfolio\\\/shortcodes&quot;,&quot;shortcode&quot;:&quot;portfolio-list&quot;,&quot;post_type&quot;:&quot;portfolio-item&quot;,&quot;next_page&quot;:&quot;2&quot;,&quot;max_pages_num&quot;:1,&quot;behavior&quot;:&quot;columns&quot;,&quot;images_proportion&quot;:&quot;custom&quot;,&quot;custom_image_width&quot;:&quot;400&quot;,&quot;custom_image_height&quot;:&quot;250&quot;,&quot;columns&quot;:&quot;5&quot;,&quot;columns_responsive&quot;:&quot;predefined&quot;,&quot;space&quot;:&quot;normal&quot;,&quot;vertical_space&quot;:&quot;medium&quot;,&quot;posts_per_page&quot;:&quot;9&quot;,&quot;orderby&quot;:&quot;name&quot;,&quot;order&quot;:&quot;ASC&quot;,&quot;additional_params&quot;:&quot;tax&quot;,&quot;tax&quot;:&quot;portfolio-category&quot;,&quot;tax_slug&quot;:&quot;Alt Yap\\u0131 Projeleri&quot;,&quot;layout&quot;:&quot;info-below&quot;,&quot;hover_animation_info-below&quot;:&quot;overlay&quot;,&quot;hover_animation_info-follow&quot;:&quot;follow&quot;,&quot;hover_animation_info-on-hover&quot;:&quot;fade-in&quot;,&quot;title_tag&quot;:&quot;h6&quot;,&quot;custom_margin&quot;:&quot;no&quot;,&quot;pagination_type&quot;:&quot;no-pagination&quot;,&quot;object_class_name&quot;:&quot;LerouxCore_Portfolio_List_Shortcode&quot;,&quot;taxonomy_filter&quot;:&quot;portfolio-category&quot;,&quot;additional_query_args&quot;:{&quot;tax_query&quot;:[{&quot;taxonomy&quot;:&quot;portfolio-category&quot;,&quot;field&quot;:&quot;slug&quot;,&quot;terms&quot;:&quot;Alt Yap\\u0131 Projeleri&quot;}]},&quot;space_value&quot;:30}\">\n\t\t<div class=\"qodef-grid-inner\">\n\t\t<article class=\"qodef-e qodef-grid-item qodef-item--custom post-15422 portfolio-item type-portfolio-item status-publish has-post-thumbnail hentry portfolio-category-alt-yapi-projeleri\">\n\t<div class=\"qodef-e-inner\" >\n\t\t<div class=\"qodef-e-media\">\n\t\t\t\t<div class=\"qodef-e-media-image\">\n\t\t<a itemprop=\"url\" href=\"https:\/\/www.ageinsaat.com.tr\/en\/portfolio-item\/afyon-sewage-construction\/\" target=\"_self\">\n\t\t\t<img fetchpriority=\"high\" decoding=\"async\" src=\"https:\/\/www.ageinsaat.com.tr\/wp-content\/uploads\/2024\/09\/1984-AFYON-KANALIZASYON-INS-4-400x250.jpg\" alt=\"\" width=\"400\" height=\"250\" data-ratio=\"1.6\" \/>\t\t<\/a>\n\t<\/div>\n\t\t<\/div>\n\t\t<div class=\"qodef-e-content\" >\n\t\t\t<div class=\"qodef-e-top-holder\">\n\t\t\t\t<div class=\"qodef-e-text\">\n\t\t\t\t\t<h6 itemprop=\"name\" class=\"qodef-e-title entry-title\" >\n\t<a itemprop=\"url\" class=\"qodef-e-title-link\" href=\"https:\/\/www.ageinsaat.com.tr\/en\/portfolio-item\/afyon-sewage-construction\/\" target=\"_self\">\n\t\tAfyon Sewage Construction\t<\/a>\n<\/h6>\n\t\t\t\t<\/div>\n\t\t\t<\/div>\n\t\t\t<div class=\"qodef-e-info\">\n\t\t\t\t\t<a href=\"https:\/\/www.ageinsaat.com.tr\/portfolio-category\/alt-yapi-projeleri\/\" rel=\"tag\">Alt Yap\u0131 Projeleri<\/a>\t<div class=\"qodef-info-separator-end\"><\/div>\n\t\t\t<\/div>\n\t\t<\/div>\n\t<\/div>\n<\/article>\n<article class=\"qodef-e qodef-grid-item qodef-item--custom post-15421 portfolio-item type-portfolio-item status-publish has-post-thumbnail hentry portfolio-category-alt-yapi-projeleri\">\n\t<div class=\"qodef-e-inner\" >\n\t\t<div class=\"qodef-e-media\">\n\t\t\t\t<div class=\"qodef-e-media-image\">\n\t\t<a itemprop=\"url\" href=\"https:\/\/www.ageinsaat.com.tr\/en\/portfolio-item\/cesme-alacati-sewage-construction\/\" target=\"_self\">\n\t\t\t<img decoding=\"async\" src=\"https:\/\/www.ageinsaat.com.tr\/wp-content\/uploads\/2024\/09\/1988-CESME\u2013ALACATI-KANALIZASYON-VE-DENIZ-DESARJI-INSAATI-IZMIR-11-400x250.jpg\" alt=\"\" width=\"400\" height=\"250\" data-ratio=\"1.6\" \/>\t\t<\/a>\n\t<\/div>\n\t\t<\/div>\n\t\t<div class=\"qodef-e-content\" >\n\t\t\t<div class=\"qodef-e-top-holder\">\n\t\t\t\t<div class=\"qodef-e-text\">\n\t\t\t\t\t<h6 itemprop=\"name\" class=\"qodef-e-title entry-title\" >\n\t<a itemprop=\"url\" class=\"qodef-e-title-link\" href=\"https:\/\/www.ageinsaat.com.tr\/en\/portfolio-item\/cesme-alacati-sewage-construction\/\" target=\"_self\">\n\t\tCesme &#8211; Alacati Sewage Construction\t<\/a>\n<\/h6>\n\t\t\t\t<\/div>\n\t\t\t<\/div>\n\t\t\t<div class=\"qodef-e-info\">\n\t\t\t\t\t<a href=\"https:\/\/www.ageinsaat.com.tr\/portfolio-category\/alt-yapi-projeleri\/\" rel=\"tag\">Alt Yap\u0131 Projeleri<\/a>\t<div class=\"qodef-info-separator-end\"><\/div>\n\t\t\t<\/div>\n\t\t<\/div>\n\t<\/div>\n<\/article>\n<article class=\"qodef-e qodef-grid-item qodef-item--custom post-15453 portfolio-item type-portfolio-item status-publish has-post-thumbnail hentry portfolio-category-alt-yapi-projeleri\">\n\t<div class=\"qodef-e-inner\" >\n\t\t<div class=\"qodef-e-media\">\n\t\t\t\t<div class=\"qodef-e-media-image\">\n\t\t<a itemprop=\"url\" href=\"https:\/\/www.ageinsaat.com.tr\/en\/portfolio-item\/dortyol-crude-oil-pipe-line-2nd-stage-construction\/\" target=\"_self\">\n\t\t\t<img decoding=\"async\" src=\"https:\/\/www.ageinsaat.com.tr\/wp-content\/uploads\/2024\/09\/1993-BATMAN-DORTYOL-HAM-PETROL-BORU-HATTI-PROJESI-BATMAN-400x250.jpg\" alt=\"\" width=\"400\" height=\"250\" data-ratio=\"1.6\" \/>\t\t<\/a>\n\t<\/div>\n\t\t<\/div>\n\t\t<div class=\"qodef-e-content\" >\n\t\t\t<div class=\"qodef-e-top-holder\">\n\t\t\t\t<div class=\"qodef-e-text\">\n\t\t\t\t\t<h6 itemprop=\"name\" class=\"qodef-e-title entry-title\" >\n\t<a itemprop=\"url\" class=\"qodef-e-title-link\" href=\"https:\/\/www.ageinsaat.com.tr\/en\/portfolio-item\/dortyol-crude-oil-pipe-line-2nd-stage-construction\/\" target=\"_self\">\n\t\tDortyol Crude Oil Pipe line 2nd Stage Construction\t<\/a>\n<\/h6>\n\t\t\t\t<\/div>\n\t\t\t<\/div>\n\t\t\t<div class=\"qodef-e-info\">\n\t\t\t\t\t<a href=\"https:\/\/www.ageinsaat.com.tr\/portfolio-category\/alt-yapi-projeleri\/\" rel=\"tag\">Alt Yap\u0131 Projeleri<\/a>\t<div class=\"qodef-info-separator-end\"><\/div>\n\t\t\t<\/div>\n\t\t<\/div>\n\t<\/div>\n<\/article>\n<article class=\"qodef-e qodef-grid-item qodef-item--custom post-15458 portfolio-item type-portfolio-item status-publish has-post-thumbnail hentry portfolio-category-alt-yapi-projeleri\">\n\t<div class=\"qodef-e-inner\" >\n\t\t<div class=\"qodef-e-media\">\n\t\t\t\t<div class=\"qodef-e-media-image\">\n\t\t<a itemprop=\"url\" href=\"https:\/\/www.ageinsaat.com.tr\/en\/portfolio-item\/sanliurfa-drinking-water-project\/\" target=\"_self\">\n\t\t\t<img loading=\"lazy\" decoding=\"async\" src=\"https:\/\/www.ageinsaat.com.tr\/wp-content\/uploads\/2024\/09\/URFAICMESUYU-BORU-DOSEME-10-400x250.jpg\" alt=\"\" width=\"400\" height=\"250\" data-ratio=\"1.6\" \/>\t\t<\/a>\n\t<\/div>\n\t\t<\/div>\n\t\t<div class=\"qodef-e-content\" >\n\t\t\t<div class=\"qodef-e-top-holder\">\n\t\t\t\t<div class=\"qodef-e-text\">\n\t\t\t\t\t<h6 itemprop=\"name\" class=\"qodef-e-title entry-title\" >\n\t<a itemprop=\"url\" class=\"qodef-e-title-link\" href=\"https:\/\/www.ageinsaat.com.tr\/en\/portfolio-item\/sanliurfa-drinking-water-project\/\" target=\"_self\">\n\t\tSanliurfa Drinking Water Project\t<\/a>\n<\/h6>\n\t\t\t\t<\/div>\n\t\t\t<\/div>\n\t\t\t<div class=\"qodef-e-info\">\n\t\t\t\t\t<a href=\"https:\/\/www.ageinsaat.com.tr\/portfolio-category\/alt-yapi-projeleri\/\" rel=\"tag\">Alt Yap\u0131 Projeleri<\/a>\t<div class=\"qodef-info-separator-end\"><\/div>\n\t\t\t<\/div>\n\t\t<\/div>\n\t<\/div>\n<\/article>\n\t<\/div>\n\t<\/div>\n\t\t\t\t<\/div>\n\t\t\t\t<\/div>\n\t\t\t\t<div class=\"elementor-element elementor-element-3e72696 elementor-widget elementor-widget-spacer\" data-id=\"3e72696\" data-element_type=\"widget\" data-e-type=\"widget\" data-widget_type=\"spacer.default\">\n\t\t\t\t<div class=\"elementor-widget-container\">\n\t\t\t\t\t\t\t<div class=\"elementor-spacer\">\n\t\t\t<div class=\"elementor-spacer-inner\"><\/div>\n\t\t<\/div>\n\t\t\t\t\t\t<\/div>\n\t\t\t\t<\/div>\n\t\t\t\t<div class=\"elementor-element elementor-element-9eaafe1 elementor-widget__width-initial elementor-widget elementor-widget-accordion\" data-id=\"9eaafe1\" data-element_type=\"widget\" data-e-type=\"widget\" data-widget_type=\"accordion.default\">\n\t\t\t\t<div class=\"elementor-widget-container\">\n\t\t\t\t\t\t\t<div class=\"elementor-accordion\">\n\t\t\t\t\t\t\t<div class=\"elementor-accordion-item\">\n\t\t\t\t\t<div id=\"elementor-tab-title-1661\" class=\"elementor-tab-title\" data-tab=\"1\" role=\"button\" aria-controls=\"elementor-tab-content-1661\" aria-expanded=\"false\">\n\t\t\t\t\t\t\t\t\t\t\t\t\t<span class=\"elementor-accordion-icon elementor-accordion-icon-left\" aria-hidden=\"true\">\n\t\t\t\t\t\t\t\t\t\t\t\t\t\t\t<span class=\"elementor-accordion-icon-closed\"><svg class=\"e-font-icon-svg e-fas-plus\" viewBox=\"0 0 448 512\" xmlns=\"http:\/\/www.w3.org\/2000\/svg\"><path d=\"M416 208H272V64c0-17.67-14.33-32-32-32h-32c-17.67 0-32 14.33-32 32v144H32c-17.67 0-32 14.33-32 32v32c0 17.67 14.33 32 32 32h144v144c0 17.67 14.33 32 32 32h32c17.67 0 32-14.33 32-32V304h144c17.67 0 32-14.33 32-32v-32c0-17.67-14.33-32-32-32z\"><\/path><\/svg><\/span>\n\t\t\t\t\t\t\t\t<span class=\"elementor-accordion-icon-opened\"><svg class=\"e-font-icon-svg e-fas-minus\" viewBox=\"0 0 448 512\" xmlns=\"http:\/\/www.w3.org\/2000\/svg\"><path d=\"M416 208H32c-17.67 0-32 14.33-32 32v32c0 17.67 14.33 32 32 32h384c17.67 0 32-14.33 32-32v-32c0-17.67-14.33-32-32-32z\"><\/path><\/svg><\/span>\n\t\t\t\t\t\t\t\t\t\t\t\t\t\t<\/span>\n\t\t\t\t\t\t\t\t\t\t\t\t<a class=\"elementor-accordion-title\" tabindex=\"0\">Aksehir Sewerage Construction<\/a>\n\t\t\t\t\t<\/div>\n\t\t\t\t\t<div id=\"elementor-tab-content-1661\" class=\"elementor-tab-content elementor-clearfix\" data-tab=\"1\" role=\"region\" aria-labelledby=\"elementor-tab-title-1661\"><table>\n<tbody>\n<tr>\n<th scope=\"row\">PROJECT LOCATION<\/th>\n<td>KONYA \/ TURKEY<\/td>\n<\/tr>\n<tr>\n<th scope=\"row\">CLIENT<\/th>\n<td>ILLER BANK<\/td>\n<\/tr>\n<tr>\n<th scope=\"row\">Concrete Pipe<\/th>\n<td>\u00d8 150 ~ 600 mm<\/td>\n<\/tr>\n<tr>\n<th scope=\"row\">Pipe Length<\/th>\n<td>106.053 m<\/td>\n<\/tr>\n<\/tbody>\n<\/table>\n<\/div>\n\t\t\t\t<\/div>\n\t\t\t\t\t\t\t<div class=\"elementor-accordion-item\">\n\t\t\t\t\t<div id=\"elementor-tab-title-1662\" class=\"elementor-tab-title\" data-tab=\"2\" role=\"button\" aria-controls=\"elementor-tab-content-1662\" aria-expanded=\"false\">\n\t\t\t\t\t\t\t\t\t\t\t\t\t<span class=\"elementor-accordion-icon elementor-accordion-icon-left\" aria-hidden=\"true\">\n\t\t\t\t\t\t\t\t\t\t\t\t\t\t\t<span class=\"elementor-accordion-icon-closed\"><svg class=\"e-font-icon-svg e-fas-plus\" viewBox=\"0 0 448 512\" xmlns=\"http:\/\/www.w3.org\/2000\/svg\"><path d=\"M416 208H272V64c0-17.67-14.33-32-32-32h-32c-17.67 0-32 14.33-32 32v144H32c-17.67 0-32 14.33-32 32v32c0 17.67 14.33 32 32 32h144v144c0 17.67 14.33 32 32 32h32c17.67 0 32-14.33 32-32V304h144c17.67 0 32-14.33 32-32v-32c0-17.67-14.33-32-32-32z\"><\/path><\/svg><\/span>\n\t\t\t\t\t\t\t\t<span class=\"elementor-accordion-icon-opened\"><svg class=\"e-font-icon-svg e-fas-minus\" viewBox=\"0 0 448 512\" xmlns=\"http:\/\/www.w3.org\/2000\/svg\"><path d=\"M416 208H32c-17.67 0-32 14.33-32 32v32c0 17.67 14.33 32 32 32h384c17.67 0 32-14.33 32-32v-32c0-17.67-14.33-32-32-32z\"><\/path><\/svg><\/span>\n\t\t\t\t\t\t\t\t\t\t\t\t\t\t<\/span>\n\t\t\t\t\t\t\t\t\t\t\t\t<a class=\"elementor-accordion-title\" tabindex=\"0\">Arrangement of Sadabat Recreation Area<\/a>\n\t\t\t\t\t<\/div>\n\t\t\t\t\t<div id=\"elementor-tab-content-1662\" class=\"elementor-tab-content elementor-clearfix\" data-tab=\"2\" role=\"region\" aria-labelledby=\"elementor-tab-title-1662\"><table>\n<tbody>\n<tr>\n<th scope=\"row\">PROJECT LOCATION<\/th>\n<td>ISTANBUL \/ TURKEY<\/td>\n<\/tr>\n<tr>\n<th scope=\"row\">EMPLOYER<\/th>\n<td>ISTANBUL METROPOLITAN MUNICIPALITY<\/td>\n<\/tr>\n<\/tbody>\n<\/table>\n<\/div>\n\t\t\t\t<\/div>\n\t\t\t\t\t\t\t<div class=\"elementor-accordion-item\">\n\t\t\t\t\t<div id=\"elementor-tab-title-1663\" class=\"elementor-tab-title\" data-tab=\"3\" role=\"button\" aria-controls=\"elementor-tab-content-1663\" aria-expanded=\"false\">\n\t\t\t\t\t\t\t\t\t\t\t\t\t<span class=\"elementor-accordion-icon elementor-accordion-icon-left\" aria-hidden=\"true\">\n\t\t\t\t\t\t\t\t\t\t\t\t\t\t\t<span class=\"elementor-accordion-icon-closed\"><svg class=\"e-font-icon-svg e-fas-plus\" viewBox=\"0 0 448 512\" xmlns=\"http:\/\/www.w3.org\/2000\/svg\"><path d=\"M416 208H272V64c0-17.67-14.33-32-32-32h-32c-17.67 0-32 14.33-32 32v144H32c-17.67 0-32 14.33-32 32v32c0 17.67 14.33 32 32 32h144v144c0 17.67 14.33 32 32 32h32c17.67 0 32-14.33 32-32V304h144c17.67 0 32-14.33 32-32v-32c0-17.67-14.33-32-32-32z\"><\/path><\/svg><\/span>\n\t\t\t\t\t\t\t\t<span class=\"elementor-accordion-icon-opened\"><svg class=\"e-font-icon-svg e-fas-minus\" viewBox=\"0 0 448 512\" xmlns=\"http:\/\/www.w3.org\/2000\/svg\"><path d=\"M416 208H32c-17.67 0-32 14.33-32 32v32c0 17.67 14.33 32 32 32h384c17.67 0 32-14.33 32-32v-32c0-17.67-14.33-32-32-32z\"><\/path><\/svg><\/span>\n\t\t\t\t\t\t\t\t\t\t\t\t\t\t<\/span>\n\t\t\t\t\t\t\t\t\t\t\t\t<a class=\"elementor-accordion-title\" tabindex=\"0\">Aliaga Refinery Excavation Works<\/a>\n\t\t\t\t\t<\/div>\n\t\t\t\t\t<div id=\"elementor-tab-content-1663\" class=\"elementor-tab-content elementor-clearfix\" data-tab=\"3\" role=\"region\" aria-labelledby=\"elementor-tab-title-1663\"><table>\n<tbody>\n<tr>\n<th scope=\"row\">PROJECT LOCATION<\/th>\n<td>IZMIR \/ TURKEY<\/td>\n<\/tr>\n<tr>\n<th scope=\"row\">EMPLOYER<\/th>\n<td>TURKISH PETROLEUM<\/td>\n<\/tr>\n<\/tbody>\n<\/table>\n<\/div>\n\t\t\t\t<\/div>\n\t\t\t\t\t\t\t<div class=\"elementor-accordion-item\">\n\t\t\t\t\t<div id=\"elementor-tab-title-1664\" class=\"elementor-tab-title\" data-tab=\"4\" role=\"button\" aria-controls=\"elementor-tab-content-1664\" aria-expanded=\"false\">\n\t\t\t\t\t\t\t\t\t\t\t\t\t<span class=\"elementor-accordion-icon elementor-accordion-icon-left\" aria-hidden=\"true\">\n\t\t\t\t\t\t\t\t\t\t\t\t\t\t\t<span class=\"elementor-accordion-icon-closed\"><svg class=\"e-font-icon-svg e-fas-plus\" viewBox=\"0 0 448 512\" xmlns=\"http:\/\/www.w3.org\/2000\/svg\"><path d=\"M416 208H272V64c0-17.67-14.33-32-32-32h-32c-17.67 0-32 14.33-32 32v144H32c-17.67 0-32 14.33-32 32v32c0 17.67 14.33 32 32 32h144v144c0 17.67 14.33 32 32 32h32c17.67 0 32-14.33 32-32V304h144c17.67 0 32-14.33 32-32v-32c0-17.67-14.33-32-32-32z\"><\/path><\/svg><\/span>\n\t\t\t\t\t\t\t\t<span class=\"elementor-accordion-icon-opened\"><svg class=\"e-font-icon-svg e-fas-minus\" viewBox=\"0 0 448 512\" xmlns=\"http:\/\/www.w3.org\/2000\/svg\"><path d=\"M416 208H32c-17.67 0-32 14.33-32 32v32c0 17.67 14.33 32 32 32h384c17.67 0 32-14.33 32-32v-32c0-17.67-14.33-32-32-32z\"><\/path><\/svg><\/span>\n\t\t\t\t\t\t\t\t\t\t\t\t\t\t<\/span>\n\t\t\t\t\t\t\t\t\t\t\t\t<a class=\"elementor-accordion-title\" tabindex=\"0\">Apple Hill Pickling<\/a>\n\t\t\t\t\t<\/div>\n\t\t\t\t\t<div id=\"elementor-tab-content-1664\" class=\"elementor-tab-content elementor-clearfix\" data-tab=\"4\" role=\"region\" aria-labelledby=\"elementor-tab-title-1664\"><table>\n<tbody>\n<tr>\n<th scope=\"row\">PROJECT LOCATION<\/th>\n<td>KDZ ERE\u011eLI\u0307 \/ TURKEY<\/td>\n<\/tr>\n<tr>\n<th scope=\"row\">EMPLOYER<\/th>\n<td>ERE\u011eLI\u0307 IRON AND STEEL PLANT (ERDEMI\u0307R)<\/td>\n<\/tr>\n<\/tbody>\n<\/table>\n<\/div>\n\t\t\t\t<\/div>\n\t\t\t\t\t\t\t<div class=\"elementor-accordion-item\">\n\t\t\t\t\t<div id=\"elementor-tab-title-1665\" class=\"elementor-tab-title\" data-tab=\"5\" role=\"button\" aria-controls=\"elementor-tab-content-1665\" aria-expanded=\"false\">\n\t\t\t\t\t\t\t\t\t\t\t\t\t<span class=\"elementor-accordion-icon elementor-accordion-icon-left\" aria-hidden=\"true\">\n\t\t\t\t\t\t\t\t\t\t\t\t\t\t\t<span class=\"elementor-accordion-icon-closed\"><svg class=\"e-font-icon-svg e-fas-plus\" viewBox=\"0 0 448 512\" xmlns=\"http:\/\/www.w3.org\/2000\/svg\"><path d=\"M416 208H272V64c0-17.67-14.33-32-32-32h-32c-17.67 0-32 14.33-32 32v144H32c-17.67 0-32 14.33-32 32v32c0 17.67 14.33 32 32 32h144v144c0 17.67 14.33 32 32 32h32c17.67 0 32-14.33 32-32V304h144c17.67 0 32-14.33 32-32v-32c0-17.67-14.33-32-32-32z\"><\/path><\/svg><\/span>\n\t\t\t\t\t\t\t\t<span class=\"elementor-accordion-icon-opened\"><svg class=\"e-font-icon-svg e-fas-minus\" viewBox=\"0 0 448 512\" xmlns=\"http:\/\/www.w3.org\/2000\/svg\"><path d=\"M416 208H32c-17.67 0-32 14.33-32 32v32c0 17.67 14.33 32 32 32h384c17.67 0 32-14.33 32-32v-32c0-17.67-14.33-32-32-32z\"><\/path><\/svg><\/span>\n\t\t\t\t\t\t\t\t\t\t\t\t\t\t<\/span>\n\t\t\t\t\t\t\t\t\t\t\t\t<a class=\"elementor-accordion-title\" tabindex=\"0\">Halkali Housing Infrastructure Construction<\/a>\n\t\t\t\t\t<\/div>\n\t\t\t\t\t<div id=\"elementor-tab-content-1665\" class=\"elementor-tab-content elementor-clearfix\" data-tab=\"5\" role=\"region\" aria-labelledby=\"elementor-tab-title-1665\"><table>\n<tbody>\n<tr>\n<th scope=\"row\">PROJECT LOCATION<\/th>\n<td>ISTANBUL \/ TURKEY<\/td>\n<\/tr>\n<tr>\n<th scope=\"row\">EMPLOYER<\/th>\n<td>TOKI<\/td>\n<\/tr>\n<tr>\n<th scope=\"row\">PIPE TYPE AND DIAMETER<\/th>\n<td>Concrete Pipe &#8211; \u00d8 150 ~ 1500 mm<\/td>\n<\/tr>\n<tr>\n<th scope=\"row\">PIPE LENGTH<\/th>\n<td>38.482 m<\/td>\n<\/tr>\n<\/tbody>\n<\/table>\n<\/div>\n\t\t\t\t<\/div>\n\t\t\t\t\t\t\t<div class=\"elementor-accordion-item\">\n\t\t\t\t\t<div id=\"elementor-tab-title-1666\" class=\"elementor-tab-title\" data-tab=\"6\" role=\"button\" aria-controls=\"elementor-tab-content-1666\" aria-expanded=\"false\">\n\t\t\t\t\t\t\t\t\t\t\t\t\t<span class=\"elementor-accordion-icon elementor-accordion-icon-left\" aria-hidden=\"true\">\n\t\t\t\t\t\t\t\t\t\t\t\t\t\t\t<span class=\"elementor-accordion-icon-closed\"><svg class=\"e-font-icon-svg e-fas-plus\" viewBox=\"0 0 448 512\" xmlns=\"http:\/\/www.w3.org\/2000\/svg\"><path d=\"M416 208H272V64c0-17.67-14.33-32-32-32h-32c-17.67 0-32 14.33-32 32v144H32c-17.67 0-32 14.33-32 32v32c0 17.67 14.33 32 32 32h144v144c0 17.67 14.33 32 32 32h32c17.67 0 32-14.33 32-32V304h144c17.67 0 32-14.33 32-32v-32c0-17.67-14.33-32-32-32z\"><\/path><\/svg><\/span>\n\t\t\t\t\t\t\t\t<span class=\"elementor-accordion-icon-opened\"><svg class=\"e-font-icon-svg e-fas-minus\" viewBox=\"0 0 448 512\" xmlns=\"http:\/\/www.w3.org\/2000\/svg\"><path d=\"M416 208H32c-17.67 0-32 14.33-32 32v32c0 17.67 14.33 32 32 32h384c17.67 0 32-14.33 32-32v-32c0-17.67-14.33-32-32-32z\"><\/path><\/svg><\/span>\n\t\t\t\t\t\t\t\t\t\t\t\t\t\t<\/span>\n\t\t\t\t\t\t\t\t\t\t\t\t<a class=\"elementor-accordion-title\" tabindex=\"0\">Seydi\u015fehir Sewerage Construction<\/a>\n\t\t\t\t\t<\/div>\n\t\t\t\t\t<div id=\"elementor-tab-content-1666\" class=\"elementor-tab-content elementor-clearfix\" data-tab=\"6\" role=\"region\" aria-labelledby=\"elementor-tab-title-1666\"><table>\n<tbody>\n<tr>\n<th scope=\"row\">PROJECT LOCATION<\/th>\n<td>KONYA \/ TURKEY<\/td>\n<\/tr>\n<tr>\n<th scope=\"row\">EMPLOYER<\/th>\n<td>T.C. MINISTRY OF PUBLIC WORKS AND HOUSING<\/td>\n<\/tr>\n<tr>\n<th scope=\"row\">Concrete Pipe<\/th>\n<td>\u00d8 150 ~ 600 mm<\/td>\n<\/tr>\n<tr>\n<th scope=\"row\">Pipe Length<\/th>\n<td>38.600 m<\/td>\n<\/tr>\n<\/tbody>\n<\/table>\n<\/div>\n\t\t\t\t<\/div>\n\t\t\t\t\t\t\t\t<\/div>\n\t\t\t\t\t\t<\/div>\n\t\t\t\t<\/div>\n\t\t\t\t\t<\/div>\n\t\t<\/div>\n\t\t\t\t\t<\/div>\n\t\t<\/section>\n\t\t\t\t<\/div>\n\t\t","protected":false},"excerpt":{"rendered":"<p>Infrastructure projects As AGE Construction, we contribute to the development of Turkey and the world with our infrastructure projects. We use our expertise and technical know-how in large-scale projects such as highways, railways, bridges, tunnels and water canals. In particular, dam constructions and irrigation projects play an important role in increasing agricultural production and more [&hellip;]<\/p>\n","protected":false},"author":1,"featured_media":0,"parent":15354,"menu_order":0,"comment_status":"closed","ping_status":"closed","template":"page-full-width.php","meta":{"footnotes":""},"class_list":["post-15309","page","type-page","status-publish","hentry"],"_links":{"self":[{"href":"https:\/\/www.ageinsaat.com.tr\/en\/wp-json\/wp\/v2\/pages\/15309","targetHints":{"allow":["GET"]}}],"collection":[{"href":"https:\/\/www.ageinsaat.com.tr\/en\/wp-json\/wp\/v2\/pages"}],"about":[{"href":"https:\/\/www.ageinsaat.com.tr\/en\/wp-json\/wp\/v2\/types\/page"}],"author":[{"embeddable":true,"href":"https:\/\/www.ageinsaat.com.tr\/en\/wp-json\/wp\/v2\/users\/1"}],"replies":[{"embeddable":true,"href":"https:\/\/www.ageinsaat.com.tr\/en\/wp-json\/wp\/v2\/comments?post=15309"}],"version-history":[{"count":7,"href":"https:\/\/www.ageinsaat.com.tr\/en\/wp-json\/wp\/v2\/pages\/15309\/revisions"}],"predecessor-version":[{"id":15825,"href":"https:\/\/www.ageinsaat.com.tr\/en\/wp-json\/wp\/v2\/pages\/15309\/revisions\/15825"}],"up":[{"embeddable":true,"href":"https:\/\/www.ageinsaat.com.tr\/en\/wp-json\/wp\/v2\/pages\/15354"}],"wp:attachment":[{"href":"https:\/\/www.ageinsaat.com.tr\/en\/wp-json\/wp\/v2\/media?parent=15309"}],"curies":[{"name":"wp","href":"https:\/\/api.w.org\/{rel}","templated":true}]}}